{"id":1199,"date":"2025-07-14T06:39:04","date_gmt":"2025-07-14T06:39:04","guid":{"rendered":"https:\/\/www.caldemonhx.com\/?page_id=1199"},"modified":"2025-07-14T06:39:04","modified_gmt":"2025-07-14T06:39:04","slug":"politica-de-privacidad","status":"publish","type":"page","link":"https:\/\/www.caldemonhx.com\/en\/politica-de-privacidad\/","title":{"rendered":"Pol\u00edtica de privacidad"},"content":{"rendered":"<div class=\"fusion-fullwidth fullwidth-box fusion-builder-row-1 fusion-flex-container nonhundred-percent-fullwidth non-hundred-percent-height-scrolling\" style=\"background-color: #ffffff;background-position: center center;background-repeat: no-repeat;border-width: 0px 0px 0px 0px;border-color:#eae9e9;border-style:solid;\" ><div class=\"fusion-builder-row fusion-row fusion-flex-align-items-flex-start\" style=\"max-width:1248px;margin-left: calc(-4% \/ 2 );margin-right: calc(-4% \/ 2 );\"><div class=\"fusion-layout-column fusion_builder_column fusion-builder-column-0 fusion_builder_column_1_1 1_1 fusion-flex-column\"><div class=\"fusion-column-wrapper fusion-flex-justify-content-flex-start fusion-content-layout-column\" style=\"background-position:left top;background-repeat:no-repeat;-webkit-background-size:cover;-moz-background-size:cover;-o-background-size:cover;background-size:cover;padding: 0px 0px 0px 0px;\"><div class=\"fusion-text fusion-text-1\"><p><strong>USO Y TRATAMIENTO DE DATOS DE CAR\u00c1CTER PERSONAL<\/strong><\/p>\n<p>Le informamos que los datos de car\u00e1cter personal que pudieran proporcionarse, a trav\u00e9s de este sitio web, as\u00ed como los que pudiera facilitar en el futuro en el marco de su relaci\u00f3n jur\u00eddica con esta entidad, ser\u00e1n incorporados a nuestra base de datos.<\/p>\n<p>Se informa sobre los siguientes extremos relativos a la protecci\u00f3n de datos:<\/p>\n<ol>\n<li>Responsable del tratamiento: Somos responsables de los datos recogidos en el formulario correspondiente.<\/li>\n<li>Necesidad del tratamiento: La comunicaci\u00f3n de sus datos a trav\u00e9s del formulario correspondiente es obligatoria para podamos contactar.<\/li>\n<li>Finalidades del tratamiento y legitimaci\u00f3n del tratamiento:\n<ul>\n<li>Gestionar, administrar, prestarle los servicios o facilitarle los productos que solicite y, en su caso, para el cumplimiento y ejecuci\u00f3n de los contratos que pudiera celebrar, conocer mejor sus gustos, adecuar los servicios a sus preferencias.<\/li>\n<li>Enviarle, por correo postal, correo electr\u00f3nico y otros medios de comunicaci\u00f3n electr\u00f3nica equivalente, comunicaciones comerciales y publicitarias sobre nuestros productos y\/o servicios.<\/li>\n<\/ul>\n<\/li>\n<li>Destinatarios: Contratamos con alguna entidad que prestan servicios como los de mantenimiento y hosting, a trav\u00e9s de contratos de encargo del tratamiento para dar soporte a los fines de tratamiento indicados.<\/li>\n<li>Plazo de conservaci\u00f3n de datos: Conservaremos sus datos mientras se mantenga el tratamiento y no solicite la supresi\u00f3n de los mismos.<\/li>\n<li>Derechos: Podr\u00e1 ejercitar los derechos de acceso, rectificaci\u00f3n, supresi\u00f3n, limitaci\u00f3n al tratamiento, oposici\u00f3n, portabilidad y derecho a no ser objeto de una decisi\u00f3n basada \u00fanicamente en el tratamiento automatizado, mediante comunicaci\u00f3n escrita al domicilio indicado en el aviso legal y a revocar su consentimiento sin efectos retroactivos u oponerse a la recepci\u00f3n de comunicaciones comerciales publicitarias por email y otros medios de comunicaci\u00f3n electr\u00f3nica equivalente, enviando y a presentar una reclamaci\u00f3n ante la Autoridad de control, en Espa\u00f1a, la Agencia Espa\u00f1ola de Protecci\u00f3n de Datos.<\/li>\n<li>Modificaci\u00f3n de la pol\u00edtica de privacidad: Nos reservamos el derecho a modificar su Pol\u00edtica de Privacidad, de acuerdo a nuestro propio criterio, o motivado por un cambio doctrinal de la Autoridad competente en Protecci\u00f3n de Datos, legislativo o jurisprudencial. El uso de la Web despu\u00e9s de dichos cambios implicar\u00e1 la aceptaci\u00f3n de \u00e9stos.<\/li>\n<li>Legislaci\u00f3n aplicable: Cualquier controversia que se derive del uso de este Site, ser\u00e1 regida, interpretada y sometida de acuerdo con las leyes de Espa\u00f1a.<\/li>\n<\/ol>\n<\/div><\/div><\/div><style type=\"text\/css\">.fusion-body .fusion-builder-column-0{width:100% !important;margin-top : 0px;margin-bottom : 20px;}.fusion-builder-column-0 > .fusion-column-wrapper {padding-top : 0px !important;padding-right : 0px !important;margin-right : 1.92%;padding-bottom : 0px !important;padding-left : 0px !important;margin-left : 1.92%;}@media only screen and (max-width:1024px) {.fusion-body .fusion-builder-column-0{width:100% !important;order : 0;}.fusion-builder-column-0 > .fusion-column-wrapper {margin-right : 1.92%;margin-left : 1.92%;}}@media only screen and (max-width:640px) {.fusion-body .fusion-builder-column-0{width:100% !important;order : 0;}.fusion-builder-column-0 > .fusion-column-wrapper {margin-right : 1.92%;margin-left : 1.92%;}}<\/style><\/div><style type=\"text\/css\">.fusion-body .fusion-flex-container.fusion-builder-row-1{ padding-top : 0px;margin-top : 0px;padding-right : 0px;padding-bottom : 0px;margin-bottom : 0px;padding-left : 0px;}<\/style><\/div>","protected":false},"excerpt":{"rendered":"","protected":false},"author":1,"featured_media":0,"parent":0,"menu_order":0,"comment_status":"closed","ping_status":"closed","template":"","meta":{"footnotes":""},"class_list":["post-1199","page","type-page","status-publish","hentry"],"yoast_head":"<!-- This site is optimized with the Yoast SEO plugin v25.6 - https:\/\/yoast.com\/wordpress\/plugins\/seo\/ -->\n<title>Pol\u00edtica de privacidad - Caldemon Heat Exchangers<\/title>\n<meta name=\"robots\" content=\"index, follow, max-snippet:-1, max-image-preview:large, max-video-preview:-1\" \/>\n<link rel=\"canonical\" href=\"https:\/\/www.caldemonhx.com\/en\/politica-de-privacidad\/\" \/>\n<meta property=\"og:locale\" content=\"en_US\" \/>\n<meta property=\"og:type\" content=\"article\" \/>\n<meta property=\"og:title\" content=\"Pol\u00edtica de privacidad - Caldemon Heat Exchangers\" \/>\n<meta property=\"og:url\" content=\"https:\/\/www.caldemonhx.com\/en\/politica-de-privacidad\/\" \/>\n<meta property=\"og:site_name\" content=\"Caldemon Heat Exchangers\" \/>\n<meta name=\"twitter:card\" content=\"summary_large_image\" \/>\n<script type=\"application\/ld+json\" class=\"yoast-schema-graph\">{\"@context\":\"https:\/\/schema.org\",\"@graph\":[{\"@type\":\"WebPage\",\"@id\":\"https:\/\/www.caldemonhx.com\/politica-de-privacidad\/\",\"url\":\"https:\/\/www.caldemonhx.com\/politica-de-privacidad\/\",\"name\":\"Pol\u00edtica de privacidad - Caldemon Heat Exchangers\",\"isPartOf\":{\"@id\":\"https:\/\/www.caldemonhx.com\/#website\"},\"datePublished\":\"2025-07-14T06:39:04+00:00\",\"breadcrumb\":{\"@id\":\"https:\/\/www.caldemonhx.com\/politica-de-privacidad\/#breadcrumb\"},\"inLanguage\":\"en-US\",\"potentialAction\":[{\"@type\":\"ReadAction\",\"target\":[\"https:\/\/www.caldemonhx.com\/politica-de-privacidad\/\"]}]},{\"@type\":\"BreadcrumbList\",\"@id\":\"https:\/\/www.caldemonhx.com\/politica-de-privacidad\/#breadcrumb\",\"itemListElement\":[{\"@type\":\"ListItem\",\"position\":1,\"name\":\"Portada\",\"item\":\"https:\/\/www.caldemonhx.com\/\"},{\"@type\":\"ListItem\",\"position\":2,\"name\":\"Pol\u00edtica de privacidad\"}]},{\"@type\":\"WebSite\",\"@id\":\"https:\/\/www.caldemonhx.com\/#website\",\"url\":\"https:\/\/www.caldemonhx.com\/\",\"name\":\"Caldemon Heat Exchangers\",\"description\":\"\",\"potentialAction\":[{\"@type\":\"SearchAction\",\"target\":{\"@type\":\"EntryPoint\",\"urlTemplate\":\"https:\/\/www.caldemonhx.com\/?s={search_term_string}\"},\"query-input\":{\"@type\":\"PropertyValueSpecification\",\"valueRequired\":true,\"valueName\":\"search_term_string\"}}],\"inLanguage\":\"en-US\"}]}<\/script>\n<!-- \/ Yoast SEO plugin. -->","yoast_head_json":{"title":"Pol\u00edtica de privacidad - Caldemon Heat Exchangers","robots":{"index":"index","follow":"follow","max-snippet":"max-snippet:-1","max-image-preview":"max-image-preview:large","max-video-preview":"max-video-preview:-1"},"canonical":"https:\/\/www.caldemonhx.com\/en\/politica-de-privacidad\/","og_locale":"en_US","og_type":"article","og_title":"Pol\u00edtica de privacidad - Caldemon Heat Exchangers","og_url":"https:\/\/www.caldemonhx.com\/en\/politica-de-privacidad\/","og_site_name":"Caldemon Heat Exchangers","twitter_card":"summary_large_image","schema":{"@context":"https:\/\/schema.org","@graph":[{"@type":"WebPage","@id":"https:\/\/www.caldemonhx.com\/politica-de-privacidad\/","url":"https:\/\/www.caldemonhx.com\/politica-de-privacidad\/","name":"Pol\u00edtica de privacidad - Caldemon Heat Exchangers","isPartOf":{"@id":"https:\/\/www.caldemonhx.com\/#website"},"datePublished":"2025-07-14T06:39:04+00:00","breadcrumb":{"@id":"https:\/\/www.caldemonhx.com\/politica-de-privacidad\/#breadcrumb"},"inLanguage":"en-US","potentialAction":[{"@type":"ReadAction","target":["https:\/\/www.caldemonhx.com\/politica-de-privacidad\/"]}]},{"@type":"BreadcrumbList","@id":"https:\/\/www.caldemonhx.com\/politica-de-privacidad\/#breadcrumb","itemListElement":[{"@type":"ListItem","position":1,"name":"Portada","item":"https:\/\/www.caldemonhx.com\/"},{"@type":"ListItem","position":2,"name":"Pol\u00edtica de privacidad"}]},{"@type":"WebSite","@id":"https:\/\/www.caldemonhx.com\/#website","url":"https:\/\/www.caldemonhx.com\/","name":"Caldemon Heat Exchangers","description":"","potentialAction":[{"@type":"SearchAction","target":{"@type":"EntryPoint","urlTemplate":"https:\/\/www.caldemonhx.com\/?s={search_term_string}"},"query-input":{"@type":"PropertyValueSpecification","valueRequired":true,"valueName":"search_term_string"}}],"inLanguage":"en-US"}]}},"_links":{"self":[{"href":"https:\/\/www.caldemonhx.com\/en\/wp-json\/wp\/v2\/pages\/1199"}],"collection":[{"href":"https:\/\/www.caldemonhx.com\/en\/wp-json\/wp\/v2\/pages"}],"about":[{"href":"https:\/\/www.caldemonhx.com\/en\/wp-json\/wp\/v2\/types\/page"}],"author":[{"embeddable":true,"href":"https:\/\/www.caldemonhx.com\/en\/wp-json\/wp\/v2\/users\/1"}],"replies":[{"embeddable":true,"href":"https:\/\/www.caldemonhx.com\/en\/wp-json\/wp\/v2\/comments?post=1199"}],"version-history":[{"count":1,"href":"https:\/\/www.caldemonhx.com\/en\/wp-json\/wp\/v2\/pages\/1199\/revisions"}],"predecessor-version":[{"id":1200,"href":"https:\/\/www.caldemonhx.com\/en\/wp-json\/wp\/v2\/pages\/1199\/revisions\/1200"}],"wp:attachment":[{"href":"https:\/\/www.caldemonhx.com\/en\/wp-json\/wp\/v2\/media?parent=1199"}],"curies":[{"name":"wp","href":"https:\/\/api.w.org\/{rel}","templated":true}]}}